{"id":22,"date":"2021-09-07T12:18:50","date_gmt":"2021-09-07T12:18:50","guid":{"rendered":"http:\/\/cantelmi.ar\/?page_id=22"},"modified":"2021-09-09T19:23:19","modified_gmt":"2021-09-09T19:23:19","slug":"nuestro-estudio","status":"publish","type":"page","link":"https:\/\/cantelmi.ar\/index.php\/nuestro-estudio\/","title":{"rendered":"Nuestro Estudio"},"content":{"rendered":"\n<div class=\"wp-block-columns\">\n<div class=\"wp-block-column\">\n<div class=\"wp-block-image\"><figure class=\"aligncenter size-full\"><img loading=\"lazy\" width=\"956\" height=\"707\" src=\"https:\/\/cantelmi.ar\/wp-content\/uploads\/2021\/09\/imgnum-11.png\" alt=\"\" class=\"wp-image-23\" srcset=\"https:\/\/cantelmi.ar\/wp-content\/uploads\/2021\/09\/imgnum-11.png 956w, https:\/\/cantelmi.ar\/wp-content\/uploads\/2021\/09\/imgnum-11-300x222.png 300w, https:\/\/cantelmi.ar\/wp-content\/uploads\/2021\/09\/imgnum-11-768x568.png 768w\" sizes=\"(max-width: 956px) 100vw, 956px\" \/><\/figure><\/div>\n<\/div>\n\n\n\n<div class=\"wp-block-column is-vertically-aligned-center\">\n<p>Desde el a\u00f1o 1971, prestamos servicios jur\u00eddicos corporativos tanto a empresas comerciales, nacionales y extranjeras, como a c\u00e1maras empresarias y entes de derecho p\u00fablico (estatales y no estatales).<\/p>\n\n\n\n<p>En la actualidad, dirigido por la segunda generaci\u00f3n a cargo de los abogados Diego y Andr\u00e9s Cantelmi, nuestro estudio conserva su premisa de constante perfeccionamiento y actualizaci\u00f3n, consolid\u00e1ndonos como una herramienta de acompa\u00f1amiento s\u00f3lida y eficiente para el desarrollo de nuestros clientes.<\/p>\n<\/div>\n<\/div>\n\n\n<div class=\"section-parallax\">\n<div class=\"parallax-bg\"><img src=\"https:\/\/cantelmi.ar\/wp-content\/uploads\/2021\/09\/banner2.png\" alt=\"\" style=\"top: -374.812px; left: -12.5px; max-width: 1928px;\"><\/div>\n<section id=\"videolightbox\" class=\"section-videolightbox section-padding section-padding-larger section-inverse onepage-section\">\n<div class=\"container\">\n<h2 class=\"videolightbox__heading\"><\/h2>\n<\/p><\/div>\n<\/section><\/div>\n\n\n\n<div class=\"wp-block-columns are-vertically-aligned-center\">\n<div class=\"wp-block-column is-vertically-aligned-center\">\n<h4 class=\"has-text-align-right\">DERECHO JUR\u00cdDICO EMPRESARIAL<\/h4>\n\n\n\n<p class=\"has-text-align-right\">Acompa\u00f1amos a nuestros clientes tanto en la soluci\u00f3n de problemas jur\u00eddicos concretos, c\u00f3mo en el desarrollo de planes estrat\u00e9gicos para el logro de objetivos deseados.<\/p>\n\n\n\n<p class=\"has-text-align-right\">Ofrecemos asistencia los 365 d\u00edas del a\u00f1o para brindar la mayor eficiencia y velocidad en nuestras respuestas.<\/p>\n\n\n\n<p class=\"has-text-align-right\">VER SERVICIOS:<\/p>\n<\/div>\n\n\n\n<div class=\"wp-block-column is-vertically-aligned-center\">\n<div class=\"wp-block-image\"><figure class=\"aligncenter size-full\"><img loading=\"lazy\" width=\"956\" height=\"707\" src=\"https:\/\/cantelmi.ar\/wp-content\/uploads\/2021\/09\/imgnum-12.png\" alt=\"\" class=\"wp-image-30\" srcset=\"https:\/\/cantelmi.ar\/wp-content\/uploads\/2021\/09\/imgnum-12.png 956w, https:\/\/cantelmi.ar\/wp-content\/uploads\/2021\/09\/imgnum-12-300x222.png 300w, https:\/\/cantelmi.ar\/wp-content\/uploads\/2021\/09\/imgnum-12-768x568.png 768w\" sizes=\"(max-width: 956px) 100vw, 956px\" \/><\/figure><\/div>\n<\/div>\n<\/div>\n\n\n<div class=\"section-parallax\">\n<div class=\"parallax-bg\"><img src=\"https:\/\/cantelmi.ar\/wp-content\/uploads\/2021\/09\/banner1.png\" alt=\"\" style=\"top: -374.812px; left: -12.5px; max-width: 1928px;\"><\/div>\n<section id=\"videolightbox\" class=\"section-videolightbox section-padding section-padding-larger section-inverse onepage-section\">\n<div class=\"container\">\n<h2 class=\"videolightbox__heading\"><\/h2>\n<\/p><\/div>\n<\/section><\/div>\n","protected":false},"excerpt":{"rendered":"<p>Desde el a\u00f1o 1971, prestamos servicios jur\u00eddicos corporativos tanto a empresas comerciales, nacionales y extranjeras, como a c\u00e1maras empresarias y entes de derecho p\u00fablico (estatales y no estatales). En la &#8230;<\/p>\n","protected":false},"author":1,"featured_media":0,"parent":0,"menu_order":0,"comment_status":"closed","ping_status":"closed","template":"template-fullwidth-stretched.php","meta":{"om_disable_all_campaigns":false,"_monsterinsights_skip_tracking":false,"_monsterinsights_sitenote_active":false,"_monsterinsights_sitenote_note":"","_monsterinsights_sitenote_category":0},"_links":{"self":[{"href":"https:\/\/cantelmi.ar\/index.php\/wp-json\/wp\/v2\/pages\/22"}],"collection":[{"href":"https:\/\/cantelmi.ar\/index.php\/wp-json\/wp\/v2\/pages"}],"about":[{"href":"https:\/\/cantelmi.ar\/index.php\/wp-json\/wp\/v2\/types\/page"}],"author":[{"embeddable":true,"href":"https:\/\/cantelmi.ar\/index.php\/wp-json\/wp\/v2\/users\/1"}],"replies":[{"embeddable":true,"href":"https:\/\/cantelmi.ar\/index.php\/wp-json\/wp\/v2\/comments?post=22"}],"version-history":[{"count":11,"href":"https:\/\/cantelmi.ar\/index.php\/wp-json\/wp\/v2\/pages\/22\/revisions"}],"predecessor-version":[{"id":48,"href":"https:\/\/cantelmi.ar\/index.php\/wp-json\/wp\/v2\/pages\/22\/revisions\/48"}],"wp:attachment":[{"href":"https:\/\/cantelmi.ar\/index.php\/wp-json\/wp\/v2\/media?parent=22"}],"curies":[{"name":"wp","href":"https:\/\/api.w.org\/{rel}","templated":true}]}}